{"id":2,"date":"2014-02-20T14:28:01","date_gmt":"2014-02-20T13:28:01","guid":{"rendered":"http:\/\/voilieratypik.fr\/?page_id=2"},"modified":"2025-02-03T18:41:07","modified_gmt":"2025-02-03T17:41:07","slug":"page-d-exemple","status":"publish","type":"page","link":"http:\/\/voilieratypik.fr\/","title":{"rendered":"A propos"},"content":{"rendered":"<p>Bonjour et bienvenue &#8230;&#8230;..\u00e0 bord.<\/p>\n<p>De 2013 \u00e0 2022, j&rsquo;ai navigu\u00e9 avec <span style=\"color: #800000;\"><strong>Atypik<\/strong><\/span>, un super Sun L\u00e9gende 41, qui m&rsquo;a apport\u00e9 beaucoup de bonheur. Aujourd&rsquo;hui, vendu pour de nouvelles aventures, j&rsquo;ai acquis un First 30 de 1978 : <span style=\"color: #800000;\"><strong>Coclico<\/strong><\/span>. Depuis 2023, <span style=\"color: #800000;\"><strong>Coclico<\/strong><\/span> a b\u00e9n\u00e9fici\u00e9 des travaux n\u00e9cessaires \u00e0 un tour d&rsquo;Atlantique en 2025-2026, d\u00e9part pour d\u00e9but juin 2025<\/p>\n","protected":false},"excerpt":{"rendered":"<p>Bonjour et bienvenue &#8230;&#8230;..\u00e0 bord. De 2013 \u00e0 2022, j&rsquo;ai navigu\u00e9 avec Atypik, un super Sun L\u00e9gende 41, qui m&rsquo;a apport\u00e9 beaucoup de bonheur. Aujourd&rsquo;hui, vendu pour de nouvelles aventures, j&rsquo;ai acquis un First 30 de 1978 : Coclico. Depuis &hellip; <a href=\"http:\/\/voilieratypik.fr\/\">Continuer la lecture <span class=\"meta-nav\">&rarr;<\/span><\/a><\/p>\n","protected":false},"author":1,"featured_media":0,"parent":0,"menu_order":0,"comment_status":"closed","ping_status":"closed","template":"","meta":{"footnotes":""},"class_list":["post-2","page","type-page","status-publish","hentry"],"_links":{"self":[{"href":"http:\/\/voilieratypik.fr\/index.php?rest_route=\/wp\/v2\/pages\/2","targetHints":{"allow":["GET"]}}],"collection":[{"href":"http:\/\/voilieratypik.fr\/index.php?rest_route=\/wp\/v2\/pages"}],"about":[{"href":"http:\/\/voilieratypik.fr\/index.php?rest_route=\/wp\/v2\/types\/page"}],"author":[{"embeddable":true,"href":"http:\/\/voilieratypik.fr\/index.php?rest_route=\/wp\/v2\/users\/1"}],"replies":[{"embeddable":true,"href":"http:\/\/voilieratypik.fr\/index.php?rest_route=%2Fwp%2Fv2%2Fcomments&post=2"}],"version-history":[{"count":24,"href":"http:\/\/voilieratypik.fr\/index.php?rest_route=\/wp\/v2\/pages\/2\/revisions"}],"predecessor-version":[{"id":1595,"href":"http:\/\/voilieratypik.fr\/index.php?rest_route=\/wp\/v2\/pages\/2\/revisions\/1595"}],"wp:attachment":[{"href":"http:\/\/voilieratypik.fr\/index.php?rest_route=%2Fwp%2Fv2%2Fmedia&parent=2"}],"curies":[{"name":"wp","href":"https:\/\/api.w.org\/{rel}","templated":true}]}}